{"id":566,"date":"2016-03-06T13:25:58","date_gmt":"2016-03-06T12:25:58","guid":{"rendered":"http:\/\/bildhauer-jehn.de\/galerie\/?page_id=566"},"modified":"2018-06-13T21:39:23","modified_gmt":"2018-06-13T19:39:23","slug":"kontakt-2","status":"publish","type":"page","link":"https:\/\/bildhauer-jehn.de\/galerie\/?page_id=566","title":{"rendered":"Impressum"},"content":{"rendered":"<h1 class=\"h1\">Impressum<\/h1>\n<p class=\"h1\">Herausgeber<\/p>\n<p class=\"textOhneLeer\"><b>Bildhauer Detlef Jehn<\/b><\/p>\n<p><span class=\"textOhneLeer\">Inhaber:<\/span>\u00a0Detlef Jehn<\/p>\n<p>Wachbergstra\u00dfe 22<\/p>\n<p><span class=\"textOhneLeer\">D-08280 Aue<\/span><\/p>\n<p>Tel.: (+49) 3771-319551,\u00a0 Fax: (+49) 3771-318834,\u00a0 E-mail:\u00a0<a href=\"mailto:kontakt@bildhauer-jehn.de\">kontakt@bildhauer-jehn.de<\/a><\/p>\n<p>Umsatzsteuer-Identifikationsnummer gem\u00e4\u00df \u00a7 27 a UstG.: DE 141058340<br \/>\nGerichtsstand : Amtsgericht Aue, Erf\u00fcllungsort : Aue<\/p>\n<p>Inhaltlich Verantwortlicher gem\u00e4\u00df \u00a7 10 Absatz 3 MDSTV: Detlef Jehn<\/p>\n<p class=\"h1\"><em><strong>Haftungshinweis:<\/strong><\/em><\/p>\n<p>Trotz sorgf\u00e4ltiger Kontrolle \u00fcbernehmen wir keine Haftung f\u00fcr die Inhalte externer Links.<br \/>\nF\u00fcr die Inhalte der verlinkten Seiten sind ausschlie\u00dflich deren Betreiber verantwortlich<\/p>\n","protected":false},"excerpt":{"rendered":"<p>Impressum Herausgeber Bildhauer Detlef Jehn Inhaber:\u00a0Detlef Jehn Wachbergstra\u00dfe 22 D-08280 Aue Tel.: (+49) 3771-319551,\u00a0 Fax: (+49) 3771-318834,\u00a0 E-mail:\u00a0kontakt@bildhauer-jehn.de Umsatzsteuer-Identifikationsnummer gem\u00e4\u00df [&hellip;]<\/p>\n","protected":false},"author":1,"featured_media":0,"parent":0,"menu_order":0,"comment_status":"closed","ping_status":"closed","template":"","meta":{"footnotes":""},"class_list":["post-566","page","type-page","status-publish","hentry"],"_links":{"self":[{"href":"https:\/\/bildhauer-jehn.de\/galerie\/index.php?rest_route=\/wp\/v2\/pages\/566","targetHints":{"allow":["GET"]}}],"collection":[{"href":"https:\/\/bildhauer-jehn.de\/galerie\/index.php?rest_route=\/wp\/v2\/pages"}],"about":[{"href":"https:\/\/bildhauer-jehn.de\/galerie\/index.php?rest_route=\/wp\/v2\/types\/page"}],"author":[{"embeddable":true,"href":"https:\/\/bildhauer-jehn.de\/galerie\/index.php?rest_route=\/wp\/v2\/users\/1"}],"replies":[{"embeddable":true,"href":"https:\/\/bildhauer-jehn.de\/galerie\/index.php?rest_route=%2Fwp%2Fv2%2Fcomments&post=566"}],"version-history":[{"count":6,"href":"https:\/\/bildhauer-jehn.de\/galerie\/index.php?rest_route=\/wp\/v2\/pages\/566\/revisions"}],"predecessor-version":[{"id":1542,"href":"https:\/\/bildhauer-jehn.de\/galerie\/index.php?rest_route=\/wp\/v2\/pages\/566\/revisions\/1542"}],"wp:attachment":[{"href":"https:\/\/bildhauer-jehn.de\/galerie\/index.php?rest_route=%2Fwp%2Fv2%2Fmedia&parent=566"}],"curies":[{"name":"wp","href":"https:\/\/api.w.org\/{rel}","templated":true}]}}